{"id":8,"date":"2026-01-28T13:43:49","date_gmt":"2026-01-28T13:43:49","guid":{"rendered":"https:\/\/labelleviecamping.com\/contact\/"},"modified":"2026-03-30T08:46:52","modified_gmt":"2026-03-30T08:46:52","slug":"contact","status":"publish","type":"page","link":"https:\/\/labelleviecamping.com\/fr\/contact\/","title":{"rendered":"Contact"},"content":{"rendered":"<div data-elementor-type=\"wp-page\" data-elementor-id=\"8\" class=\"elementor elementor-8\">\n\t\t\t\t<div class=\"elementor-element elementor-element-b31f417 e-flex e-con-boxed e-con e-parent\" data-id=\"b31f417\" data-element_type=\"container\" data-e-type=\"container\">\n\t\t\t\t\t<div class=\"e-con-inner\">\n\t\t\t\t<div class=\"elementor-element elementor-element-9ec3883 hostinger-ai-title elementor-widget elementor-widget-heading\" data-id=\"9ec3883\" data-element_type=\"widget\" data-e-type=\"widget\" data-widget_type=\"heading.default\">\n\t\t\t\t\t<h1 class=\"elementor-heading-title elementor-size-default\"><img decoding=\"async\" role=\"img\" class=\"emoji\" alt=\"\ud83d\udcde\" src=\"https:\/\/s.w.org\/images\/core\/emoji\/17.0.2\/svg\/1f4de.svg\"> Bookings &amp; Enquiries\n\nFor all booking enquiries, please contact:\n<img decoding=\"async\" role=\"img\" class=\"emoji\" alt=\"\ud83d\udce7\" src=\"https:\/\/s.w.org\/images\/core\/emoji\/17.0.2\/svg\/1f4e7.svg\"> bookings@labelleviecamping.com\n\nOr alternatively\n\nUse the contact form below or\nInstagram: @labelleviecamping or\nWhatsApp: +33 6 75 81 84 71<\/h1>\t\t\t\t<\/div>\n\t\t\t\t\t<\/div>\n\t\t\t\t<\/div>\n\t\t<div class=\"elementor-element elementor-element-d3111dd e-flex e-con-boxed e-con e-parent\" data-id=\"d3111dd\" data-element_type=\"container\" data-e-type=\"container\">\n\t\t\t\t\t<div class=\"e-con-inner\">\n\t\t\t\t<div class=\"elementor-element elementor-element-8d08867 elementor-widget elementor-widget-hostinger-contact-form\" data-id=\"8d08867\" data-element_type=\"widget\" data-e-type=\"widget\" data-widget_type=\"hostinger-contact-form.default\">\n\t\t\t\t<div class=\"elementor-widget-container\">\n\t\t\t\t\t        <div class=\"hostinger-elementor-contact-form\">\n            <section class=\"hts-section hts-page hts-contact-form\">\n                <div class=\"hts-details\">\n                    <div class=\"elementor-hts-contact-details elementor-hts-contacts\">\n                                                    <h2 class=\"contact-form-title\">Get in touch<\/h2>\n                        \n                                                    <p class=\"contact-form-description\">To help us respond quickly, please include your preferred dates, number of guests, accommodation type, whether you\u2019ll be bringing pets, and any other requirements. We\u2019ll get back to you as soon as possible.<\/p>\n                        \n                        <form id=\"contact-form-6a09083d80658\" data-recipient=\"Ym9va2luZ3NAbGFiZWxsZXZpZWNhbXBpbmcuY29t\" action=\"\">\n                            <input type=\"hidden\" id=\"contactform_nonce\" name=\"contactform_nonce\" value=\"6ef55163b0\" \/><input type=\"hidden\" name=\"_wp_http_referer\" value=\"\/fr\/wp-json\/wp\/v2\/pages\/8\" \/>\n                            <label for=\"contact-form-6a09083d80658-name\">Name<\/label>\n                            <input type=\"text\"\n                                   id=\"contact-form-6a09083d80658-name\"\n                                   class=\"contact-name\"\n                                   name=\"name\"\n                                   placeholder=\"What&#039;s your name?\"\n                                   required>\n\n                            <label for=\"contact-form-6a09083d80658-email\">Email<\/label>\n                            <input type=\"email\"\n                                   id=\"contact-form-6a09083d80658-email\"\n                                   class=\"contact-email\"\n                                   name=\"email\"\n                                   placeholder=\"What&#039;s your email?\"\n                                   required>\n\n                            <label for=\"contact-form-6a09083d80658-message\">Message<\/label>\n                            <textarea id=\"contact-form-6a09083d80658-message\"\n                                      class=\"contact-message\"\n                                      name=\"message\"\n                                      placeholder=\"Write your message...\"\n                                      required><\/textarea>\n\n                            <div class=\"hts-privacy-agree\">\n                                <label class=\"hts-form-control\">\n                                    <input type=\"checkbox\"\n                                           id=\"contact-form-6a09083d80658-privacy-policy-checkbox\"\n                                           class=\"privacy-policy-checkbox\"\n                                           name=\"privacy_policy\"\n                                           required>\n                                    <span>J\u2019accepte l\u2019utilisation des donn\u00e9es personnelles fournies dans le but de r\u00e9pondre \u00e0 la demande, comme d\u00e9crit dans <a href=\"\" target=\"_blank\">Politique de confidentialit\u00e9<\/a> que j\u2019ai lu. Je peux retirer mon consentement \u00e0 tout moment.<\/span>\n                                <\/label>\n                            <\/div>\n\n                            <input type=\"submit\" value=\"Send Message\">\n                            <div class=\"validate-message\"><\/div>\n                        <input type=\"hidden\" name=\"trp-form-language\" value=\"fr\"\/><\/form>\n                    <\/div>\n                <\/div>\n            <\/section>\n        <\/div>\n        \t\t\t\t<\/div>\n\t\t\t\t<\/div>\n\t\t<div class=\"elementor-element elementor-element-3ae9a29 e-grid hostinger-ai-contact-form-2 e-con-full e-con e-child\" data-id=\"3ae9a29\" data-element_type=\"container\" data-e-type=\"container\">\n\t\t<div class=\"elementor-element elementor-element-9aa380d e-con-full e-flex e-con e-child\" data-id=\"9aa380d\" data-element_type=\"container\" data-e-type=\"container\">\n\t\t\t\t<\/div>\n\t\t\t\t<\/div>\n\t\t\t\t\t<\/div>\n\t\t\t\t<\/div>\n\t\t<div class=\"elementor-element elementor-element-87e4c23 e-flex e-con-boxed e-con e-parent\" data-id=\"87e4c23\" data-element_type=\"container\" data-e-type=\"container\">\n\t\t\t\t\t<div class=\"e-con-inner\">\n\t\t\t\t<div class=\"elementor-element elementor-element-a54c2e7 elementor-widget elementor-widget-google_maps\" data-id=\"a54c2e7\" data-element_type=\"widget\" data-e-type=\"widget\" data-widget_type=\"google_maps.default\">\n\t\t\t\t\t\t\t<div class=\"elementor-custom-embed\">\n\t\t\t<iframe loading=\"lazy\"\n\t\t\t\t\tsrc=\"https:\/\/maps.google.com\/maps?q=la%20belle%20vie%20camping&#038;t=m&#038;z=10&#038;output=embed&#038;iwloc=near\"\n\t\t\t\t\ttitle=\"la belle vie camping\"\n\t\t\t\t\taria-label=\"la belle vie camping\"\n\t\t\t><\/iframe>\n\t\t<\/div>\n\t\t\t\t\t\t<\/div>\n\t\t\t\t\t<\/div>\n\t\t\t\t<\/div>\n\t\t\t\t<\/div>","protected":false},"excerpt":{"rendered":"<p>Bookings &amp; Enquiries For all booking enquiries, please contact: bookings@labelleviecamping.com Or alternatively Use the contact form below or Instagram: @labelleviecamping or WhatsApp: +33 6 75 81 84 71 Get in touch To help us respond quickly, please include your preferred dates, number of guests, accommodation type, whether you\u2019ll be bringing pets, and any other requirements. [&hellip;]<\/p>","protected":false},"author":1,"featured_media":0,"parent":0,"menu_order":0,"comment_status":"closed","ping_status":"closed","template":"","meta":{"footnotes":""},"class_list":["post-8","page","type-page","status-publish","hentry"],"yoast_head":"<!-- This site is optimized with the Yoast SEO plugin v27.4 - https:\/\/yoast.com\/product\/yoast-seo-wordpress\/ -->\n<title>Contact - La Belle Vie Camping<\/title>\n<meta name=\"robots\" content=\"index, follow, max-snippet:-1, max-image-preview:large, max-video-preview:-1\" \/>\n<link rel=\"canonical\" href=\"https:\/\/labelleviecamping.com\/fr\/contact\/\" \/>\n<meta property=\"og:locale\" content=\"fr_FR\" \/>\n<meta property=\"og:type\" content=\"article\" \/>\n<meta property=\"og:title\" content=\"Contact - La Belle Vie Camping\" \/>\n<meta property=\"og:description\" content=\"Bookings &amp; Enquiries For all booking enquiries, please contact: bookings@labelleviecamping.com Or alternatively Use the contact form below or Instagram: @labelleviecamping or WhatsApp: +33 6 75 81 84 71 Get in touch To help us respond quickly, please include your preferred dates, number of guests, accommodation type, whether you\u2019ll be bringing pets, and any other requirements. [&hellip;]\" \/>\n<meta property=\"og:url\" content=\"https:\/\/labelleviecamping.com\/fr\/contact\/\" \/>\n<meta property=\"og:site_name\" content=\"La Belle Vie Camping\" \/>\n<meta property=\"article:modified_time\" content=\"2026-03-30T08:46:52+00:00\" \/>\n<meta property=\"og:image\" content=\"https:\/\/s.w.org\/images\/core\/emoji\/17.0.2\/svg\/1f4de.svg\" \/>\n<meta name=\"twitter:card\" content=\"summary_large_image\" \/>\n<meta name=\"twitter:label1\" content=\"Dur\u00e9e de lecture estim\u00e9e\" \/>\n\t<meta name=\"twitter:data1\" content=\"1 minute\" \/>\n<script type=\"application\/ld+json\" class=\"yoast-schema-graph\">{\"@context\":\"https:\\\/\\\/schema.org\",\"@graph\":[{\"@type\":\"WebPage\",\"@id\":\"https:\\\/\\\/labelleviecamping.com\\\/contact\\\/\",\"url\":\"https:\\\/\\\/labelleviecamping.com\\\/contact\\\/\",\"name\":\"Contact - La Belle Vie Camping\",\"isPartOf\":{\"@id\":\"https:\\\/\\\/labelleviecamping.com\\\/#website\"},\"primaryImageOfPage\":{\"@id\":\"https:\\\/\\\/labelleviecamping.com\\\/contact\\\/#primaryimage\"},\"image\":{\"@id\":\"https:\\\/\\\/labelleviecamping.com\\\/contact\\\/#primaryimage\"},\"thumbnailUrl\":\"https:\\\/\\\/s.w.org\\\/images\\\/core\\\/emoji\\\/17.0.2\\\/svg\\\/1f4de.svg\",\"datePublished\":\"2026-01-28T13:43:49+00:00\",\"dateModified\":\"2026-03-30T08:46:52+00:00\",\"breadcrumb\":{\"@id\":\"https:\\\/\\\/labelleviecamping.com\\\/contact\\\/#breadcrumb\"},\"inLanguage\":\"fr-FR\",\"potentialAction\":[{\"@type\":\"ReadAction\",\"target\":[\"https:\\\/\\\/labelleviecamping.com\\\/contact\\\/\"]}]},{\"@type\":\"ImageObject\",\"inLanguage\":\"fr-FR\",\"@id\":\"https:\\\/\\\/labelleviecamping.com\\\/contact\\\/#primaryimage\",\"url\":\"https:\\\/\\\/s.w.org\\\/images\\\/core\\\/emoji\\\/17.0.2\\\/svg\\\/1f4de.svg\",\"contentUrl\":\"https:\\\/\\\/s.w.org\\\/images\\\/core\\\/emoji\\\/17.0.2\\\/svg\\\/1f4de.svg\"},{\"@type\":\"BreadcrumbList\",\"@id\":\"https:\\\/\\\/labelleviecamping.com\\\/contact\\\/#breadcrumb\",\"itemListElement\":[{\"@type\":\"ListItem\",\"position\":1,\"name\":\"Home\",\"item\":\"https:\\\/\\\/labelleviecamping.com\\\/\"},{\"@type\":\"ListItem\",\"position\":2,\"name\":\"Contact\"}]},{\"@type\":\"WebSite\",\"@id\":\"https:\\\/\\\/labelleviecamping.com\\\/#website\",\"url\":\"https:\\\/\\\/labelleviecamping.com\\\/\",\"name\":\"La Belle Vie Camping\",\"description\":\"\",\"publisher\":{\"@id\":\"https:\\\/\\\/labelleviecamping.com\\\/#organization\"},\"potentialAction\":[{\"@type\":\"SearchAction\",\"target\":{\"@type\":\"EntryPoint\",\"urlTemplate\":\"https:\\\/\\\/labelleviecamping.com\\\/?s={search_term_string}\"},\"query-input\":{\"@type\":\"PropertyValueSpecification\",\"valueRequired\":true,\"valueName\":\"search_term_string\"}}],\"inLanguage\":\"fr-FR\"},{\"@type\":\"Organization\",\"@id\":\"https:\\\/\\\/labelleviecamping.com\\\/#organization\",\"name\":\"La Belle Vie Camping\",\"url\":\"https:\\\/\\\/labelleviecamping.com\\\/\",\"logo\":{\"@type\":\"ImageObject\",\"inLanguage\":\"fr-FR\",\"@id\":\"https:\\\/\\\/labelleviecamping.com\\\/#\\\/schema\\\/logo\\\/image\\\/\",\"url\":\"https:\\\/\\\/labelleviecamping.com\\\/wp-content\\\/uploads\\\/2026\\\/01\\\/logo-3.png\",\"contentUrl\":\"https:\\\/\\\/labelleviecamping.com\\\/wp-content\\\/uploads\\\/2026\\\/01\\\/logo-3.png\",\"width\":1536,\"height\":1024,\"caption\":\"La Belle Vie Camping\"},\"image\":{\"@id\":\"https:\\\/\\\/labelleviecamping.com\\\/#\\\/schema\\\/logo\\\/image\\\/\"}}]}<\/script>\n<!-- \/ Yoast SEO plugin. -->","yoast_head_json":{"title":"Contact - La Belle Vie Camping","robots":{"index":"index","follow":"follow","max-snippet":"max-snippet:-1","max-image-preview":"max-image-preview:large","max-video-preview":"max-video-preview:-1"},"canonical":"https:\/\/labelleviecamping.com\/fr\/contact\/","og_locale":"fr_FR","og_type":"article","og_title":"Contact - La Belle Vie Camping","og_description":"Bookings &amp; Enquiries For all booking enquiries, please contact: bookings@labelleviecamping.com Or alternatively Use the contact form below or Instagram: @labelleviecamping or WhatsApp: +33 6 75 81 84 71 Get in touch To help us respond quickly, please include your preferred dates, number of guests, accommodation type, whether you\u2019ll be bringing pets, and any other requirements. [&hellip;]","og_url":"https:\/\/labelleviecamping.com\/fr\/contact\/","og_site_name":"La Belle Vie Camping","article_modified_time":"2026-03-30T08:46:52+00:00","og_image":[{"url":"https:\/\/s.w.org\/images\/core\/emoji\/17.0.2\/svg\/1f4de.svg","type":"","width":"","height":""}],"twitter_card":"summary_large_image","twitter_misc":{"Dur\u00e9e de lecture estim\u00e9e":"1 minute"},"schema":{"@context":"https:\/\/schema.org","@graph":[{"@type":"WebPage","@id":"https:\/\/labelleviecamping.com\/contact\/","url":"https:\/\/labelleviecamping.com\/contact\/","name":"Contact - La Belle Vie Camping","isPartOf":{"@id":"https:\/\/labelleviecamping.com\/#website"},"primaryImageOfPage":{"@id":"https:\/\/labelleviecamping.com\/contact\/#primaryimage"},"image":{"@id":"https:\/\/labelleviecamping.com\/contact\/#primaryimage"},"thumbnailUrl":"https:\/\/s.w.org\/images\/core\/emoji\/17.0.2\/svg\/1f4de.svg","datePublished":"2026-01-28T13:43:49+00:00","dateModified":"2026-03-30T08:46:52+00:00","breadcrumb":{"@id":"https:\/\/labelleviecamping.com\/contact\/#breadcrumb"},"inLanguage":"fr-FR","potentialAction":[{"@type":"ReadAction","target":["https:\/\/labelleviecamping.com\/contact\/"]}]},{"@type":"ImageObject","inLanguage":"fr-FR","@id":"https:\/\/labelleviecamping.com\/contact\/#primaryimage","url":"https:\/\/s.w.org\/images\/core\/emoji\/17.0.2\/svg\/1f4de.svg","contentUrl":"https:\/\/s.w.org\/images\/core\/emoji\/17.0.2\/svg\/1f4de.svg"},{"@type":"BreadcrumbList","@id":"https:\/\/labelleviecamping.com\/contact\/#breadcrumb","itemListElement":[{"@type":"ListItem","position":1,"name":"Home","item":"https:\/\/labelleviecamping.com\/"},{"@type":"ListItem","position":2,"name":"Contact"}]},{"@type":"WebSite","@id":"https:\/\/labelleviecamping.com\/#website","url":"https:\/\/labelleviecamping.com\/","name":"La Belle Vie Camping","description":"","publisher":{"@id":"https:\/\/labelleviecamping.com\/#organization"},"potentialAction":[{"@type":"SearchAction","target":{"@type":"EntryPoint","urlTemplate":"https:\/\/labelleviecamping.com\/?s={search_term_string}"},"query-input":{"@type":"PropertyValueSpecification","valueRequired":true,"valueName":"search_term_string"}}],"inLanguage":"fr-FR"},{"@type":"Organization","@id":"https:\/\/labelleviecamping.com\/#organization","name":"La Belle Vie Camping","url":"https:\/\/labelleviecamping.com\/","logo":{"@type":"ImageObject","inLanguage":"fr-FR","@id":"https:\/\/labelleviecamping.com\/#\/schema\/logo\/image\/","url":"https:\/\/labelleviecamping.com\/wp-content\/uploads\/2026\/01\/logo-3.png","contentUrl":"https:\/\/labelleviecamping.com\/wp-content\/uploads\/2026\/01\/logo-3.png","width":1536,"height":1024,"caption":"La Belle Vie Camping"},"image":{"@id":"https:\/\/labelleviecamping.com\/#\/schema\/logo\/image\/"}}]}},"_hostinger_reach_plugin_has_subscription_block":false,"_hostinger_reach_plugin_is_elementor":false,"_links":{"self":[{"href":"https:\/\/labelleviecamping.com\/fr\/wp-json\/wp\/v2\/pages\/8","targetHints":{"allow":["GET"]}}],"collection":[{"href":"https:\/\/labelleviecamping.com\/fr\/wp-json\/wp\/v2\/pages"}],"about":[{"href":"https:\/\/labelleviecamping.com\/fr\/wp-json\/wp\/v2\/types\/page"}],"author":[{"embeddable":true,"href":"https:\/\/labelleviecamping.com\/fr\/wp-json\/wp\/v2\/users\/1"}],"replies":[{"embeddable":true,"href":"https:\/\/labelleviecamping.com\/fr\/wp-json\/wp\/v2\/comments?post=8"}],"version-history":[{"count":36,"href":"https:\/\/labelleviecamping.com\/fr\/wp-json\/wp\/v2\/pages\/8\/revisions"}],"predecessor-version":[{"id":483,"href":"https:\/\/labelleviecamping.com\/fr\/wp-json\/wp\/v2\/pages\/8\/revisions\/483"}],"wp:attachment":[{"href":"https:\/\/labelleviecamping.com\/fr\/wp-json\/wp\/v2\/media?parent=8"}],"curies":[{"name":"wp","href":"https:\/\/api.w.org\/{rel}","templated":true}]}}